{"id":11080,"date":"2021-05-17T14:48:24","date_gmt":"2021-05-17T14:48:24","guid":{"rendered":"https:\/\/www.arduprovino.be\/product\/san-marzano-vino-rosso-ditalia-collezione-cinquanta-1\/"},"modified":"2023-01-16T19:25:18","modified_gmt":"2023-01-16T19:25:18","slug":"san-marzano-vino-rosso-ditalia-collezione-cinquanta-1","status":"publish","type":"product","link":"https:\/\/www.arduprovino.be\/fr\/product\/san-marzano-vino-rosso-ditalia-collezione-cinquanta-1\/","title":{"rendered":"SAN MARZANO, VINO ROSSO D&#8217;ITALIA COLLEZIONE CINQUANTA + 1 MAGNUM"},"content":{"rendered":"","protected":false},"excerpt":{"rendered":"<p>Primitivo et Negroamaro<\/p>\n<p>Le nez d\u00e9gage une odeur intense et complexe de prunes, de confiture rouge et d&#8217;\u00e9pices comme la vanille. Le vin est intense \u00e0 l&#8217;attaque, riche et doux .<\/p>\n","protected":false},"featured_media":10893,"template":"","meta":[],"product_brand":[],"product_cat":[161],"product_tag":[],"class_list":{"0":"post-11080","1":"product","2":"type-product","3":"status-publish","4":"has-post-thumbnail","6":"product_cat-vin-rouge","9":"first","10":"outofstock","11":"taxable","12":"shipping-taxable","13":"purchasable","14":"product-type-simple"},"jetpack_sharing_enabled":true,"_links":{"self":[{"href":"https:\/\/www.arduprovino.be\/fr\/wp-json\/wp\/v2\/product\/11080","targetHints":{"allow":["GET"]}}],"collection":[{"href":"https:\/\/www.arduprovino.be\/fr\/wp-json\/wp\/v2\/product"}],"about":[{"href":"https:\/\/www.arduprovino.be\/fr\/wp-json\/wp\/v2\/types\/product"}],"wp:featuredmedia":[{"embeddable":true,"href":"https:\/\/www.arduprovino.be\/fr\/wp-json\/wp\/v2\/media\/10893"}],"wp:attachment":[{"href":"https:\/\/www.arduprovino.be\/fr\/wp-json\/wp\/v2\/media?parent=11080"}],"wp:term":[{"taxonomy":"product_brand","embeddable":true,"href":"https:\/\/www.arduprovino.be\/fr\/wp-json\/wp\/v2\/product_brand?post=11080"},{"taxonomy":"product_cat","embeddable":true,"href":"https:\/\/www.arduprovino.be\/fr\/wp-json\/wp\/v2\/product_cat?post=11080"},{"taxonomy":"product_tag","embeddable":true,"href":"https:\/\/www.arduprovino.be\/fr\/wp-json\/wp\/v2\/product_tag?post=11080"}],"curies":[{"name":"wp","href":"https:\/\/api.w.org\/{rel}","templated":true}]}}